{"id":1274,"date":"2026-01-14T15:04:58","date_gmt":"2026-01-14T15:04:58","guid":{"rendered":"https:\/\/deadcoolkids.com\/?page_id=1274"},"modified":"2026-01-22T19:42:01","modified_gmt":"2026-01-22T19:42:01","slug":"home","status":"publish","type":"page","link":"https:\/\/deadcoolkids.com\/index.php\/home\/","title":{"rendered":"Home"},"content":{"rendered":"\t\t<div data-elementor-type=\"wp-page\" data-elementor-id=\"1274\" class=\"elementor elementor-1274\">\n\t\t\t\t<div class=\"elementor-element elementor-element-8aa8230 e-con-full e-flex e-con e-parent\" data-id=\"8aa8230\" data-element_type=\"container\" data-settings=\"{&quot;background_background&quot;:&quot;classic&quot;}\">\n\t\t\t\t<div class=\"elementor-element elementor-element-3a381ce e-transform elementor-widget elementor-widget-image\" data-id=\"3a381ce\" data-element_type=\"widget\" data-settings=\"{&quot;_transform_scale_effect&quot;:{&quot;unit&quot;:&quot;px&quot;,&quot;size&quot;:&quot;&quot;,&quot;sizes&quot;:[]},&quot;_transform_scale_effect_laptop&quot;:{&quot;unit&quot;:&quot;px&quot;,&quot;size&quot;:&quot;&quot;,&quot;sizes&quot;:[]},&quot;_transform_scale_effect_tablet_extra&quot;:{&quot;unit&quot;:&quot;px&quot;,&quot;size&quot;:&quot;&quot;,&quot;sizes&quot;:[]},&quot;_transform_scale_effect_tablet&quot;:{&quot;unit&quot;:&quot;px&quot;,&quot;size&quot;:&quot;&quot;,&quot;sizes&quot;:[]},&quot;_transform_scale_effect_mobile&quot;:{&quot;unit&quot;:&quot;px&quot;,&quot;size&quot;:&quot;&quot;,&quot;sizes&quot;:[]}}\" data-widget_type=\"image.default\">\n\t\t\t\t\t\t\t\t\t\t\t\t\t\t\t<img fetchpriority=\"high\" decoding=\"async\" width=\"932\" height=\"932\" src=\"https:\/\/deadcoolkids.com\/wp-content\/uploads\/2026\/01\/DCK_Logo_cut.png\" class=\"attachment-large size-large wp-image-1284\" alt=\"\" srcset=\"https:\/\/deadcoolkids.com\/wp-content\/uploads\/2026\/01\/DCK_Logo_cut.png 932w, https:\/\/deadcoolkids.com\/wp-content\/uploads\/2026\/01\/DCK_Logo_cut-300x300.png 300w, https:\/\/deadcoolkids.com\/wp-content\/uploads\/2026\/01\/DCK_Logo_cut-150x150.png 150w, https:\/\/deadcoolkids.com\/wp-content\/uploads\/2026\/01\/DCK_Logo_cut-768x768.png 768w\" sizes=\"(max-width: 932px) 100vw, 932px\" \/>\t\t\t\t\t\t\t\t\t\t\t\t\t\t\t<\/div>\n\t\t\t\t<\/div>\n\t\t<div class=\"elementor-element elementor-element-b2aa943 e-flex e-con-boxed e-con e-parent\" data-id=\"b2aa943\" data-element_type=\"container\">\n\t\t\t\t\t<div class=\"e-con-inner\">\n\t\t<div class=\"elementor-element elementor-element-dcc5a81 e-con-full e-flex e-con e-child\" data-id=\"dcc5a81\" data-element_type=\"container\">\n\t\t\t\t<div class=\"elementor-element elementor-element-d12bd39 elementor-widget elementor-widget-heading\" data-id=\"d12bd39\" data-element_type=\"widget\" data-widget_type=\"heading.default\">\n\t\t\t\t\t<h2 class=\"elementor-heading-title elementor-size-default\">Titulo<\/h2>\t\t\t\t<\/div>\n\t\t\t\t<div class=\"elementor-element elementor-element-f62debf elementor-widget elementor-widget-text-editor\" data-id=\"f62debf\" data-element_type=\"widget\" data-widget_type=\"text-editor.default\">\n\t\t\t\t\t\t\t\t\t<p>Lorem ipsum dolor sit amet, consectetur adipiscing elit. Ut elit tellus, luctus nec ullamcorper mattis, pulvinar dapibus leo.<\/p>\t\t\t\t\t\t\t\t<\/div>\n\t\t\t\t<div class=\"elementor-element elementor-element-5d186d0 elementor-widget elementor-widget-button\" data-id=\"5d186d0\" data-element_type=\"widget\" data-widget_type=\"button.default\">\n\t\t\t\t\t\t\t\t\t\t<a class=\"elementor-button elementor-button-link elementor-size-sm\" href=\"#\">\n\t\t\t\t\t\t<span class=\"elementor-button-content-wrapper\">\n\t\t\t\t\t\t\t\t\t<span class=\"elementor-button-text\">Saber Mais <\/span>\n\t\t\t\t\t<\/span>\n\t\t\t\t\t<\/a>\n\t\t\t\t\t\t\t\t<\/div>\n\t\t\t\t<\/div>\n\t\t<div class=\"elementor-element elementor-element-1e524e2 e-con-full e-flex e-con e-child\" data-id=\"1e524e2\" data-element_type=\"container\">\n\t\t<div class=\"elementor-element elementor-element-3d6a91f e-con-full e-flex e-con e-child\" data-id=\"3d6a91f\" data-element_type=\"container\">\n\t\t\t\t<div class=\"elementor-element elementor-element-437bb04 e-transform e-transform elementor-widget elementor-widget-video\" data-id=\"437bb04\" data-element_type=\"widget\" id=\"video1\" data-settings=\"{&quot;video_type&quot;:&quot;hosted&quot;,&quot;autoplay&quot;:&quot;yes&quot;,&quot;mute&quot;:&quot;yes&quot;,&quot;loop&quot;:&quot;yes&quot;,&quot;_transform_translateX_effect_hover&quot;:{&quot;unit&quot;:&quot;px&quot;,&quot;size&quot;:303,&quot;sizes&quot;:[]},&quot;_transform_scale_effect&quot;:{&quot;unit&quot;:&quot;px&quot;,&quot;size&quot;:&quot;&quot;,&quot;sizes&quot;:[]},&quot;_transform_scale_effect_laptop&quot;:{&quot;unit&quot;:&quot;px&quot;,&quot;size&quot;:&quot;&quot;,&quot;sizes&quot;:[]},&quot;_transform_scale_effect_tablet_extra&quot;:{&quot;unit&quot;:&quot;px&quot;,&quot;size&quot;:&quot;&quot;,&quot;sizes&quot;:[]},&quot;_transform_scale_effect_tablet&quot;:{&quot;unit&quot;:&quot;px&quot;,&quot;size&quot;:&quot;&quot;,&quot;sizes&quot;:[]},&quot;_transform_scale_effect_mobile&quot;:{&quot;unit&quot;:&quot;px&quot;,&quot;size&quot;:&quot;&quot;,&quot;sizes&quot;:[]},&quot;_transform_translateX_effect_hover_laptop&quot;:{&quot;unit&quot;:&quot;px&quot;,&quot;size&quot;:&quot;&quot;,&quot;sizes&quot;:[]},&quot;_transform_translateX_effect_hover_tablet_extra&quot;:{&quot;unit&quot;:&quot;px&quot;,&quot;size&quot;:&quot;&quot;,&quot;sizes&quot;:[]},&quot;_transform_translateX_effect_hover_tablet&quot;:{&quot;unit&quot;:&quot;px&quot;,&quot;size&quot;:&quot;&quot;,&quot;sizes&quot;:[]},&quot;_transform_translateX_effect_hover_mobile&quot;:{&quot;unit&quot;:&quot;px&quot;,&quot;size&quot;:&quot;&quot;,&quot;sizes&quot;:[]},&quot;_transform_translateY_effect_hover&quot;:{&quot;unit&quot;:&quot;px&quot;,&quot;size&quot;:&quot;&quot;,&quot;sizes&quot;:[]},&quot;_transform_translateY_effect_hover_laptop&quot;:{&quot;unit&quot;:&quot;px&quot;,&quot;size&quot;:&quot;&quot;,&quot;sizes&quot;:[]},&quot;_transform_translateY_effect_hover_tablet_extra&quot;:{&quot;unit&quot;:&quot;px&quot;,&quot;size&quot;:&quot;&quot;,&quot;sizes&quot;:[]},&quot;_transform_translateY_effect_hover_tablet&quot;:{&quot;unit&quot;:&quot;px&quot;,&quot;size&quot;:&quot;&quot;,&quot;sizes&quot;:[]},&quot;_transform_translateY_effect_hover_mobile&quot;:{&quot;unit&quot;:&quot;px&quot;,&quot;size&quot;:&quot;&quot;,&quot;sizes&quot;:[]}}\" data-widget_type=\"video.default\">\n\t\t\t\t\t\t\t<div class=\"e-hosted-video elementor-wrapper elementor-open-inline\">\n\t\t\t\t\t<video class=\"elementor-video\" src=\"https:\/\/deadcoolkids.com\/wp-content\/uploads\/2026\/01\/Placeholder_Site_Home.mov\" autoplay=\"\" loop=\"\" muted=\"muted\" controlsList=\"nodownload\"><\/video>\n\t\t\t\t<\/div>\n\t\t\t\t\t\t<\/div>\n\t\t\t\t<\/div>\n\t\t<div class=\"elementor-element elementor-element-2a6f57d e-con-full e-flex e-con e-child\" data-id=\"2a6f57d\" data-element_type=\"container\">\n\t\t\t\t<div class=\"elementor-element elementor-element-a06ee15 e-transform e-transform elementor-widget elementor-widget-video\" data-id=\"a06ee15\" data-element_type=\"widget\" id=\"video2\" data-settings=\"{&quot;video_type&quot;:&quot;hosted&quot;,&quot;autoplay&quot;:&quot;yes&quot;,&quot;mute&quot;:&quot;yes&quot;,&quot;loop&quot;:&quot;yes&quot;,&quot;_transform_translateX_effect_hover&quot;:{&quot;unit&quot;:&quot;px&quot;,&quot;size&quot;:303,&quot;sizes&quot;:[]},&quot;_transform_scale_effect&quot;:{&quot;unit&quot;:&quot;px&quot;,&quot;size&quot;:&quot;&quot;,&quot;sizes&quot;:[]},&quot;_transform_scale_effect_laptop&quot;:{&quot;unit&quot;:&quot;px&quot;,&quot;size&quot;:&quot;&quot;,&quot;sizes&quot;:[]},&quot;_transform_scale_effect_tablet_extra&quot;:{&quot;unit&quot;:&quot;px&quot;,&quot;size&quot;:&quot;&quot;,&quot;sizes&quot;:[]},&quot;_transform_scale_effect_tablet&quot;:{&quot;unit&quot;:&quot;px&quot;,&quot;size&quot;:&quot;&quot;,&quot;sizes&quot;:[]},&quot;_transform_scale_effect_mobile&quot;:{&quot;unit&quot;:&quot;px&quot;,&quot;size&quot;:&quot;&quot;,&quot;sizes&quot;:[]},&quot;_transform_translateX_effect_hover_laptop&quot;:{&quot;unit&quot;:&quot;px&quot;,&quot;size&quot;:&quot;&quot;,&quot;sizes&quot;:[]},&quot;_transform_translateX_effect_hover_tablet_extra&quot;:{&quot;unit&quot;:&quot;px&quot;,&quot;size&quot;:&quot;&quot;,&quot;sizes&quot;:[]},&quot;_transform_translateX_effect_hover_tablet&quot;:{&quot;unit&quot;:&quot;px&quot;,&quot;size&quot;:&quot;&quot;,&quot;sizes&quot;:[]},&quot;_transform_translateX_effect_hover_mobile&quot;:{&quot;unit&quot;:&quot;px&quot;,&quot;size&quot;:&quot;&quot;,&quot;sizes&quot;:[]},&quot;_transform_translateY_effect_hover&quot;:{&quot;unit&quot;:&quot;px&quot;,&quot;size&quot;:&quot;&quot;,&quot;sizes&quot;:[]},&quot;_transform_translateY_effect_hover_laptop&quot;:{&quot;unit&quot;:&quot;px&quot;,&quot;size&quot;:&quot;&quot;,&quot;sizes&quot;:[]},&quot;_transform_translateY_effect_hover_tablet_extra&quot;:{&quot;unit&quot;:&quot;px&quot;,&quot;size&quot;:&quot;&quot;,&quot;sizes&quot;:[]},&quot;_transform_translateY_effect_hover_tablet&quot;:{&quot;unit&quot;:&quot;px&quot;,&quot;size&quot;:&quot;&quot;,&quot;sizes&quot;:[]},&quot;_transform_translateY_effect_hover_mobile&quot;:{&quot;unit&quot;:&quot;px&quot;,&quot;size&quot;:&quot;&quot;,&quot;sizes&quot;:[]}}\" data-widget_type=\"video.default\">\n\t\t\t\t\t\t\t<div class=\"e-hosted-video elementor-wrapper elementor-open-inline\">\n\t\t\t\t\t<video class=\"elementor-video\" src=\"https:\/\/deadcoolkids.com\/wp-content\/uploads\/2025\/12\/Opening_video_alpha_compress.mov\" autoplay=\"\" loop=\"\" muted=\"muted\" controlsList=\"nodownload\"><\/video>\n\t\t\t\t<\/div>\n\t\t\t\t\t\t<\/div>\n\t\t\t\t<\/div>\n\t\t\t\t<\/div>\n\t\t\t\t\t<\/div>\n\t\t\t\t<\/div>\n\t\t<div class=\"elementor-element elementor-element-9285e83 e-con-full elementor-hidden-desktop e-flex e-con e-parent\" data-id=\"9285e83\" data-element_type=\"container\">\n\t\t\t\t<div class=\"elementor-element elementor-element-abb8c8d elementor-widget elementor-widget-heading\" data-id=\"abb8c8d\" data-element_type=\"widget\" data-widget_type=\"heading.default\">\n\t\t\t\t\t<h2 class=\"elementor-heading-title elementor-size-default\">Videojogos \/ Cinema<\/h2>\t\t\t\t<\/div>\n\t\t<div class=\"elementor-element elementor-element-457036b e-con-full e-transform e-transform e-transform e-flex e-con e-child\" data-id=\"457036b\" data-element_type=\"container\" data-settings=\"{&quot;_transform_rotateZ_effect_hover&quot;:{&quot;unit&quot;:&quot;px&quot;,&quot;size&quot;:0,&quot;sizes&quot;:[]},&quot;_transform_translateX_effect_hover&quot;:{&quot;unit&quot;:&quot;px&quot;,&quot;size&quot;:0,&quot;sizes&quot;:[]},&quot;_transform_translateY_effect_hover&quot;:{&quot;unit&quot;:&quot;px&quot;,&quot;size&quot;:-10,&quot;sizes&quot;:[]},&quot;_transform_scale_effect_hover&quot;:{&quot;unit&quot;:&quot;px&quot;,&quot;size&quot;:1.100000000000000088817841970012523233890533447265625,&quot;sizes&quot;:[]},&quot;_transform_rotateZ_effect_hover_laptop&quot;:{&quot;unit&quot;:&quot;deg&quot;,&quot;size&quot;:&quot;&quot;,&quot;sizes&quot;:[]},&quot;_transform_rotateZ_effect_hover_tablet_extra&quot;:{&quot;unit&quot;:&quot;deg&quot;,&quot;size&quot;:&quot;&quot;,&quot;sizes&quot;:[]},&quot;_transform_rotateZ_effect_hover_tablet&quot;:{&quot;unit&quot;:&quot;deg&quot;,&quot;size&quot;:&quot;&quot;,&quot;sizes&quot;:[]},&quot;_transform_rotateZ_effect_hover_mobile&quot;:{&quot;unit&quot;:&quot;deg&quot;,&quot;size&quot;:&quot;&quot;,&quot;sizes&quot;:[]},&quot;_transform_translateX_effect_hover_laptop&quot;:{&quot;unit&quot;:&quot;px&quot;,&quot;size&quot;:&quot;&quot;,&quot;sizes&quot;:[]},&quot;_transform_translateX_effect_hover_tablet_extra&quot;:{&quot;unit&quot;:&quot;px&quot;,&quot;size&quot;:&quot;&quot;,&quot;sizes&quot;:[]},&quot;_transform_translateX_effect_hover_tablet&quot;:{&quot;unit&quot;:&quot;px&quot;,&quot;size&quot;:&quot;&quot;,&quot;sizes&quot;:[]},&quot;_transform_translateX_effect_hover_mobile&quot;:{&quot;unit&quot;:&quot;px&quot;,&quot;size&quot;:&quot;&quot;,&quot;sizes&quot;:[]},&quot;_transform_translateY_effect_hover_laptop&quot;:{&quot;unit&quot;:&quot;px&quot;,&quot;size&quot;:&quot;&quot;,&quot;sizes&quot;:[]},&quot;_transform_translateY_effect_hover_tablet_extra&quot;:{&quot;unit&quot;:&quot;px&quot;,&quot;size&quot;:&quot;&quot;,&quot;sizes&quot;:[]},&quot;_transform_translateY_effect_hover_tablet&quot;:{&quot;unit&quot;:&quot;px&quot;,&quot;size&quot;:&quot;&quot;,&quot;sizes&quot;:[]},&quot;_transform_translateY_effect_hover_mobile&quot;:{&quot;unit&quot;:&quot;px&quot;,&quot;size&quot;:&quot;&quot;,&quot;sizes&quot;:[]},&quot;_transform_scale_effect_hover_laptop&quot;:{&quot;unit&quot;:&quot;px&quot;,&quot;size&quot;:&quot;&quot;,&quot;sizes&quot;:[]},&quot;_transform_scale_effect_hover_tablet_extra&quot;:{&quot;unit&quot;:&quot;px&quot;,&quot;size&quot;:&quot;&quot;,&quot;sizes&quot;:[]},&quot;_transform_scale_effect_hover_tablet&quot;:{&quot;unit&quot;:&quot;px&quot;,&quot;size&quot;:&quot;&quot;,&quot;sizes&quot;:[]},&quot;_transform_scale_effect_hover_mobile&quot;:{&quot;unit&quot;:&quot;px&quot;,&quot;size&quot;:&quot;&quot;,&quot;sizes&quot;:[]}}\">\n\t\t\t\t<\/div>\n\t\t\t\t<div class=\"elementor-element elementor-element-25196f6 elementor-widget elementor-widget-heading\" data-id=\"25196f6\" data-element_type=\"widget\" data-widget_type=\"heading.default\">\n\t\t\t\t\t<h2 class=\"elementor-heading-title elementor-size-default\">Videojogos \/ Cinema<\/h2>\t\t\t\t<\/div>\n\t\t\t\t<\/div>\n\t\t<div class=\"elementor-element elementor-element-1aacbc8 e-flex e-con-boxed e-con e-parent\" data-id=\"1aacbc8\" data-element_type=\"container\">\n\t\t\t\t\t<div class=\"e-con-inner\">\n\t\t\t\t<div class=\"elementor-element elementor-element-00333f5 elementor-widget elementor-widget-html\" data-id=\"00333f5\" data-element_type=\"widget\" data-widget_type=\"html.default\">\n\t\t\t\t\t<style>\r\n\/* Aplicando ao fundo da p\u00e1gina *\/\r\nbody {\r\n    margin: 0;\r\n    padding: 0;\r\n    background-color: #000000; \/* Cor de fundo base (preto) *\/\r\n    position: relative;\r\n    overflow-x: hidden;\r\n}\r\n\r\n\/* Criamos um elemento virtual para o degrad\u00ea n\u00e3o pesar no carregamento *\/\r\nbody::before {\r\n    content: \"\";\r\n    position: fixed;\r\n    top: 0;\r\n    left: 0;\r\n    width: 100%;\r\n    height: 100%;\r\n    \/* Degrad\u00ea Radial partindo do Topo Centro *\/\r\n    background: radial-gradient(circle at top center, rgba(128, 0, 128, 0.8) 0%, rgba(0, 0, 0, 0) 70%);\r\n    z-index: -1; \/* Fica atr\u00e1s de todo o conte\u00fado *\/\r\n    animation: breathEffect 6s ease-in-out infinite;\r\n}\r\n\r\n@keyframes breathEffect {\r\n    0% {\r\n        opacity: 0.3; \/* Mais leve *\/\r\n        transform: scale(1);\r\n    }\r\n    50% {\r\n        opacity: 0.6; \/* Mais forte *\/\r\n        transform: scale(1.1); \/* Expande levemente para dar volume *\/\r\n    }\r\n    100% {\r\n        opacity: 0.3; \/* Volta a ficar leve *\/\r\n        transform: scale(1);\r\n    }\r\n}\r\n<\/style>\t\t\t\t<\/div>\n\t\t\t\t<div class=\"elementor-element elementor-element-778f556 elementor-widget elementor-widget-html\" data-id=\"778f556\" data-element_type=\"widget\" data-widget_type=\"html.default\">\n\t\t\t\t\t<style>\r\n\/* 1. Container do V\u00eddeo *\/\r\n#video1 {\r\n    position: relative;\r\n    overflow: hidden;\r\n    display: flex;\r\n    align-items: center;\r\n    justify-content: center;\r\n}\r\n\r\n\/* 2. Camada de Cor Rosa (#E107EE) *\/\r\n#video1::before {\r\n    content: \"\";\r\n    position: absolute;\r\n    top: 0;\r\n    left: 0;\r\n    width: 100%;\r\n    height: 100%;\r\n    background-color: #E107EE;\r\n    opacity: 0; \r\n    z-index: 11; \r\n    transition: opacity 0.4s ease;\r\n    pointer-events: none;\r\n}\r\n\r\n\/* 3. Camada do Texto com Efeito Glitch *\/\r\n#video1::after {\r\n    content: \"Games \/ Cinema\"; \/* ALTERA O TEXTO AQUI *\/\r\n    position: absolute;\r\n    z-index: 12;\r\n    color: white;\r\n    font-family: schoolbell; \/* Substitui pelo nome da tua fonte depois *\/\r\n    font-size: 32px;\r\n    font-weight: 900;\r\n    text-transform: uppercase;\r\n    opacity: 0;\r\n    pointer-events: none;\r\n    transition: opacity 0.3s ease;\r\n}\r\n\r\n\/* 4. Criando o efeito de tremor e cores (Glitch) no Hover *\/\r\n#video1:hover::before {\r\n    opacity: 0.5;\r\n}\r\n\r\n#video1:hover::after {\r\n    opacity: 1;\r\n    \/* Sombras que criam o efeito de cores separadas (RGB Split) *\/\r\n    text-shadow: \r\n        2px 0 #ff00c1, \r\n        -2px 0 #00fff9;\r\n    animation: vhsTextGlitch 0.6s infinite;\r\n}\r\n\r\n\/* 5. Anima\u00e7\u00e3o de tremor e distor\u00e7\u00e3o *\/\r\n@keyframes vhsTextGlitch {\r\n    0% { transform: translate(0); }\r\n    20% { transform: translate(-2px, 2px); }\r\n    40% { transform: translate(-2px, -2px) skewX(5deg); }\r\n    60% { transform: translate(2px, 2px) skewX(-5deg); }\r\n    80% { transform: translate(2px, -2px); }\r\n    100% { transform: translate(0); }\r\n}\r\n<\/style>\t\t\t\t<\/div>\n\t\t\t\t\t<\/div>\n\t\t\t\t<\/div>\n\t\t\t\t<\/div>\n\t\t","protected":false},"excerpt":{"rendered":"<p>Titulo Lorem ipsum dolor sit amet, consectetur adipiscing elit. Ut elit tellus, luctus nec ullamcorper mattis, pulvinar dapibus leo. Saber Mais https:\/\/deadcoolkids.com\/wp-content\/uploads\/2026\/01\/Placeholder_Site_Home.movhttps:\/\/deadcoolkids.com\/wp-content\/uploads\/2025\/12\/Opening_video_alpha_compress.mov Videojogos \/ Cinema Videojogos \/ Cinema<\/p>\n","protected":false},"author":1,"featured_media":0,"parent":0,"menu_order":0,"comment_status":"closed","ping_status":"closed","template":"elementor_canvas","meta":{"footnotes":""},"class_list":["post-1274","page","type-page","status-publish","hentry"],"_links":{"self":[{"href":"https:\/\/deadcoolkids.com\/index.php\/wp-json\/wp\/v2\/pages\/1274","targetHints":{"allow":["GET"]}}],"collection":[{"href":"https:\/\/deadcoolkids.com\/index.php\/wp-json\/wp\/v2\/pages"}],"about":[{"href":"https:\/\/deadcoolkids.com\/index.php\/wp-json\/wp\/v2\/types\/page"}],"author":[{"embeddable":true,"href":"https:\/\/deadcoolkids.com\/index.php\/wp-json\/wp\/v2\/users\/1"}],"replies":[{"embeddable":true,"href":"https:\/\/deadcoolkids.com\/index.php\/wp-json\/wp\/v2\/comments?post=1274"}],"version-history":[{"count":199,"href":"https:\/\/deadcoolkids.com\/index.php\/wp-json\/wp\/v2\/pages\/1274\/revisions"}],"predecessor-version":[{"id":1482,"href":"https:\/\/deadcoolkids.com\/index.php\/wp-json\/wp\/v2\/pages\/1274\/revisions\/1482"}],"wp:attachment":[{"href":"https:\/\/deadcoolkids.com\/index.php\/wp-json\/wp\/v2\/media?parent=1274"}],"curies":[{"name":"wp","href":"https:\/\/api.w.org\/{rel}","templated":true}]}}