{"id":294,"date":"2025-12-20T15:57:21","date_gmt":"2025-12-20T15:57:21","guid":{"rendered":"https:\/\/deadcoolkids.com\/?page_id=294"},"modified":"2025-12-28T19:42:38","modified_gmt":"2025-12-28T19:42:38","slug":"elementor-294","status":"publish","type":"page","link":"https:\/\/deadcoolkids.com\/index.php\/elementor-294\/","title":{"rendered":"Elementor #294"},"content":{"rendered":"\t\t<div data-elementor-type=\"wp-page\" data-elementor-id=\"294\" class=\"elementor elementor-294\">\n\t\t\t\t<div class=\"elementor-element elementor-element-0a3e1ae e-con-full e-flex e-con e-parent\" data-id=\"0a3e1ae\" data-element_type=\"container\" data-settings=\"{&quot;background_background&quot;:&quot;video&quot;,&quot;background_video_link&quot;:&quot;https:\\\/\\\/deadcoolkids.com\\\/wp-content\\\/uploads\\\/2025\\\/12\\\/Opening_video_alpha_compress.mov&quot;,&quot;background_play_on_mobile&quot;:&quot;yes&quot;}\">\n\t\t<div class=\"elementor-background-video-container\" aria-hidden=\"true\">\n\t\t\t\t\t\t\t<video class=\"elementor-background-video-hosted\" autoplay muted playsinline loop><\/video>\n\t\t\t\t\t<\/div>\t\t<div class=\"elementor-element elementor-element-67aef1f elementor-widget__width-initial e-transform elementor-widget-mobile__width-inherit elementor-widget-tablet__width-inherit elementor-invisible elementor-widget elementor-widget-heading\" data-id=\"67aef1f\" data-element_type=\"widget\" data-settings=\"{&quot;_transform_translateX_effect&quot;:{&quot;unit&quot;:&quot;px&quot;,&quot;size&quot;:0,&quot;sizes&quot;:[]},&quot;_transform_translateY_effect&quot;:{&quot;unit&quot;:&quot;px&quot;,&quot;size&quot;:662,&quot;sizes&quot;:[]},&quot;_animation&quot;:&quot;fadeIn&quot;,&quot;_transform_translateY_effect_laptop&quot;:{&quot;unit&quot;:&quot;px&quot;,&quot;size&quot;:345,&quot;sizes&quot;:[]},&quot;_transform_translateY_effect_mobile&quot;:{&quot;unit&quot;:&quot;px&quot;,&quot;size&quot;:441,&quot;sizes&quot;:[]},&quot;_transform_translateX_effect_laptop&quot;:{&quot;unit&quot;:&quot;px&quot;,&quot;size&quot;:&quot;&quot;,&quot;sizes&quot;:[]},&quot;_transform_translateX_effect_tablet_extra&quot;:{&quot;unit&quot;:&quot;px&quot;,&quot;size&quot;:&quot;&quot;,&quot;sizes&quot;:[]},&quot;_transform_translateX_effect_tablet&quot;:{&quot;unit&quot;:&quot;px&quot;,&quot;size&quot;:&quot;&quot;,&quot;sizes&quot;:[]},&quot;_transform_translateX_effect_mobile&quot;:{&quot;unit&quot;:&quot;px&quot;,&quot;size&quot;:&quot;&quot;,&quot;sizes&quot;:[]},&quot;_transform_translateY_effect_tablet_extra&quot;:{&quot;unit&quot;:&quot;px&quot;,&quot;size&quot;:&quot;&quot;,&quot;sizes&quot;:[]},&quot;_transform_translateY_effect_tablet&quot;:{&quot;unit&quot;:&quot;px&quot;,&quot;size&quot;:&quot;&quot;,&quot;sizes&quot;:[]}}\" data-widget_type=\"heading.default\">\n\t\t\t\t\t<h2 class=\"elementor-heading-title elementor-size-default\">REPRESENTAMOS \nO FUTURO<\/h2>\t\t\t\t<\/div>\n\t\t\t\t<\/div>\n\t\t<div class=\"elementor-element elementor-element-dc7aebd e-con-full e-flex elementor-invisible e-con e-parent\" data-id=\"dc7aebd\" data-element_type=\"container\" data-settings=\"{&quot;background_background&quot;:&quot;classic&quot;,&quot;animation&quot;:&quot;fadeIn&quot;}\">\n\t\t\t\t<div class=\"elementor-element elementor-element-db18787 elementor-widget elementor-widget-spacer\" data-id=\"db18787\" data-element_type=\"widget\" data-widget_type=\"spacer.default\">\n\t\t\t\t\t\t\t<div class=\"elementor-spacer\">\n\t\t\t<div class=\"elementor-spacer-inner\"><\/div>\n\t\t<\/div>\n\t\t\t\t\t\t<\/div>\n\t\t\t\t<div class=\"elementor-element elementor-element-2a41920 elementor-widget elementor-widget-heading\" data-id=\"2a41920\" data-element_type=\"widget\" data-widget_type=\"heading.default\">\n\t\t\t\t\t<h2 class=\"elementor-heading-title elementor-size-default\">O nosso ADN<\/h2>\t\t\t\t<\/div>\n\t\t\t\t<div class=\"elementor-element elementor-element-a0f0bc9 elementor-widget elementor-widget-text-editor\" data-id=\"a0f0bc9\" data-element_type=\"widget\" data-widget_type=\"text-editor.default\">\n\t\t\t\t\t\t\t\t\t<p>Somos um est\u00fadio criativo com origem no desenvolvimento de experi\u00eancias interativas e narrativa visual. Trabalhamos lado a lado com arquitetos para transformar projetos em experi\u00eancias imersivas, utilizando tecnologia em tempo real para comunicar espa\u00e7o, escala e inten\u00e7\u00e3o arquitet\u00f3nica antes da constru\u00e7\u00e3o.<\/p>\t\t\t\t\t\t\t\t<\/div>\n\t\t\t\t<div class=\"elementor-element elementor-element-6f88de3 elementor-widget elementor-widget-spacer\" data-id=\"6f88de3\" data-element_type=\"widget\" data-widget_type=\"spacer.default\">\n\t\t\t\t\t\t\t<div class=\"elementor-spacer\">\n\t\t\t<div class=\"elementor-spacer-inner\"><\/div>\n\t\t<\/div>\n\t\t\t\t\t\t<\/div>\n\t\t\t\t<\/div>\n\t\t<div class=\"elementor-element elementor-element-e1f62aa e-con-full animated-slow elementor-hidden-desktop elementor-hidden-laptop elementor-hidden-tablet_extra elementor-hidden-tablet e-flex elementor-invisible e-con e-parent\" data-id=\"e1f62aa\" data-element_type=\"container\" data-settings=\"{&quot;background_background&quot;:&quot;video&quot;,&quot;background_video_link&quot;:&quot;https:\\\/\\\/deadcoolkids.com\\\/wp-content\\\/uploads\\\/2025\\\/12\\\/Placeholder_1.mov&quot;,&quot;animation&quot;:&quot;fadeIn&quot;}\">\n\t\t<div class=\"elementor-background-video-container elementor-hidden-mobile\" aria-hidden=\"true\">\n\t\t\t\t\t\t\t<video class=\"elementor-background-video-hosted\" autoplay muted playsinline loop><\/video>\n\t\t\t\t\t<\/div><div class=\"elementor-element elementor-element-86fe33e e-con-full e-flex e-con e-child\" data-id=\"86fe33e\" data-element_type=\"container\">\n\t\t\t\t<div class=\"elementor-element elementor-element-386cc29 elementor-widget elementor-widget-video\" data-id=\"386cc29\" data-element_type=\"widget\" data-settings=\"{&quot;video_type&quot;:&quot;hosted&quot;,&quot;autoplay&quot;:&quot;yes&quot;,&quot;play_on_mobile&quot;:&quot;yes&quot;,&quot;mute&quot;:&quot;yes&quot;,&quot;loop&quot;:&quot;yes&quot;}\" data-widget_type=\"video.default\">\n\t\t\t\t\t\t\t<div class=\"e-hosted-video elementor-wrapper elementor-open-inline\">\n\t\t\t\t\t<video class=\"elementor-video\" src=\"https:\/\/deadcoolkids.com\/wp-content\/uploads\/2025\/12\/Placeholder_1.mov\" autoplay=\"\" loop=\"\" muted=\"muted\" playsinline=\"\" controlsList=\"nodownload\"><\/video>\n\t\t\t\t<\/div>\n\t\t\t\t\t\t<\/div>\n\t\t\t\t<\/div>\n\t\t<div class=\"elementor-element elementor-element-37fae4a e-con-full liquid-glass animated-slow e-flex elementor-invisible e-con e-child\" data-id=\"37fae4a\" data-element_type=\"container\" data-settings=\"{&quot;background_background&quot;:&quot;classic&quot;,&quot;animation&quot;:&quot;fadeIn&quot;,&quot;animation_delay&quot;:500}\">\n\t\t\t\t<div class=\"elementor-element elementor-element-8e8d4c6 elementor-widget elementor-widget-heading\" data-id=\"8e8d4c6\" data-element_type=\"widget\" data-widget_type=\"heading.default\">\n\t\t\t\t\t<h2 class=\"elementor-heading-title elementor-size-default\">ARQUITETURA INTERATIVA<\/h2>\t\t\t\t<\/div>\n\t\t\t\t<div class=\"elementor-element elementor-element-2b767ae elementor-widget elementor-widget-text-editor\" data-id=\"2b767ae\" data-element_type=\"widget\" data-widget_type=\"text-editor.default\">\n\t\t\t\t\t\t\t\t\t<p>Criamos experi\u00eancias interativas que permitem explorar projetos arquitet\u00f3nicos em tempo real.<br \/>Os clientes podem caminhar pelo espa\u00e7o, compreender volumes, materiais e luz natural, ainda em fase de projeto.<br \/>Dispon\u00edvel tamb\u00e9m em realidade virtual, para uma perce\u00e7\u00e3o espacial total.<\/p>\t\t\t\t\t\t\t\t<\/div>\n\t\t\t\t<\/div>\n\t\t\t\t<\/div>\n\t\t<div class=\"elementor-element elementor-element-3692ec4 e-con-full animated-slow elementor-hidden-mobile e-flex elementor-invisible e-con e-parent\" data-id=\"3692ec4\" data-element_type=\"container\" data-settings=\"{&quot;background_background&quot;:&quot;video&quot;,&quot;background_video_link&quot;:&quot;https:\\\/\\\/deadcoolkids.com\\\/wp-content\\\/uploads\\\/2025\\\/12\\\/Placeholder_1.mov&quot;,&quot;animation&quot;:&quot;fadeIn&quot;}\">\n\t\t<div class=\"elementor-background-video-container elementor-hidden-mobile\" aria-hidden=\"true\">\n\t\t\t\t\t\t\t<video class=\"elementor-background-video-hosted\" autoplay muted playsinline loop><\/video>\n\t\t\t\t\t<\/div><div class=\"elementor-element elementor-element-12f4b2b e-con-full e-flex e-con e-child\" data-id=\"12f4b2b\" data-element_type=\"container\">\n\t\t\t\t<\/div>\n\t\t<div class=\"elementor-element elementor-element-678dd68 e-con-full liquid-glass animated-slow e-flex elementor-invisible e-con e-child\" data-id=\"678dd68\" data-element_type=\"container\" data-settings=\"{&quot;background_background&quot;:&quot;classic&quot;,&quot;animation&quot;:&quot;fadeIn&quot;,&quot;animation_delay&quot;:500}\">\n\t\t\t\t<div class=\"elementor-element elementor-element-1cac6ad elementor-widget elementor-widget-heading\" data-id=\"1cac6ad\" data-element_type=\"widget\" data-widget_type=\"heading.default\">\n\t\t\t\t\t<h2 class=\"elementor-heading-title elementor-size-default\">ARQUITETURA INTERATIVA<\/h2>\t\t\t\t<\/div>\n\t\t\t\t<div class=\"elementor-element elementor-element-475e927 elementor-widget elementor-widget-text-editor\" data-id=\"475e927\" data-element_type=\"widget\" data-widget_type=\"text-editor.default\">\n\t\t\t\t\t\t\t\t\t<blockquote data-start=\"1095\" data-end=\"1384\"><p data-start=\"1097\" data-end=\"1384\">Criamos experi\u00eancias interativas que permitem explorar projetos arquitet\u00f3nicos em tempo real.<br \/>Os clientes podem caminhar pelo espa\u00e7o, compreender volumes, materiais e luz natural, ainda em fase de projeto.<br \/>Dispon\u00edvel tamb\u00e9m em realidade virtual, para uma perce\u00e7\u00e3o espacial total.<\/p><\/blockquote>\t\t\t\t\t\t\t\t<\/div>\n\t\t\t\t<\/div>\n\t\t\t\t<\/div>\n\t\t<div class=\"elementor-element elementor-element-29aa40d e-con-full animated-slow elementor-hidden-desktop elementor-hidden-laptop elementor-hidden-tablet_extra elementor-hidden-tablet e-flex elementor-invisible e-con e-parent\" data-id=\"29aa40d\" data-element_type=\"container\" data-settings=\"{&quot;background_background&quot;:&quot;video&quot;,&quot;background_video_link&quot;:&quot;https:\\\/\\\/deadcoolkids.com\\\/wp-content\\\/uploads\\\/2025\\\/12\\\/Placeholder_1.mov&quot;,&quot;animation&quot;:&quot;fadeIn&quot;}\">\n\t\t<div class=\"elementor-background-video-container elementor-hidden-mobile\" aria-hidden=\"true\">\n\t\t\t\t\t\t\t<video class=\"elementor-background-video-hosted\" autoplay muted playsinline loop><\/video>\n\t\t\t\t\t<\/div><div class=\"elementor-element elementor-element-ec57c35 e-con-full e-flex e-con e-child\" data-id=\"ec57c35\" data-element_type=\"container\">\n\t\t\t\t<div class=\"elementor-element elementor-element-d6bc1c2 elementor-widget elementor-widget-video\" data-id=\"d6bc1c2\" data-element_type=\"widget\" data-settings=\"{&quot;video_type&quot;:&quot;hosted&quot;,&quot;autoplay&quot;:&quot;yes&quot;,&quot;play_on_mobile&quot;:&quot;yes&quot;,&quot;mute&quot;:&quot;yes&quot;,&quot;loop&quot;:&quot;yes&quot;}\" data-widget_type=\"video.default\">\n\t\t\t\t\t\t\t<div class=\"e-hosted-video elementor-wrapper elementor-open-inline\">\n\t\t\t\t\t<video class=\"elementor-video\" src=\"https:\/\/deadcoolkids.com\/wp-content\/uploads\/2025\/12\/Opening_video_alpha_compress.mov\" autoplay=\"\" loop=\"\" muted=\"muted\" playsinline=\"\" controlsList=\"nodownload\"><\/video>\n\t\t\t\t<\/div>\n\t\t\t\t\t\t<\/div>\n\t\t\t\t<\/div>\n\t\t<div class=\"elementor-element elementor-element-4535ccf e-con-full liquid-glass animated-slow e-flex elementor-invisible e-con e-child\" data-id=\"4535ccf\" data-element_type=\"container\" data-settings=\"{&quot;background_background&quot;:&quot;classic&quot;,&quot;animation&quot;:&quot;fadeIn&quot;,&quot;animation_delay&quot;:500}\">\n\t\t\t\t<div class=\"elementor-element elementor-element-9e84d01 elementor-widget elementor-widget-heading\" data-id=\"9e84d01\" data-element_type=\"widget\" data-widget_type=\"heading.default\">\n\t\t\t\t\t<h2 class=\"elementor-heading-title elementor-size-default\">VISUALIZA\u00c7\u00c3O ARQUITET\u00d3NICA<\/h2>\t\t\t\t<\/div>\n\t\t\t\t<div class=\"elementor-element elementor-element-eb7f6a6 elementor-widget elementor-widget-text-editor\" data-id=\"eb7f6a6\" data-element_type=\"widget\" data-widget_type=\"text-editor.default\">\n\t\t\t\t\t\t\t\t\t<p>Produzimos anima\u00e7\u00f5es arquitet\u00f3nicas e imagens est\u00e1ticas de alta qualidade, com um olhar cinematogr\u00e1fico e foco na clareza do conceito, atmosfera e detalhe construtivo.<\/p>\t\t\t\t\t\t\t\t<\/div>\n\t\t\t\t<\/div>\n\t\t\t\t<\/div>\n\t\t<div class=\"elementor-element elementor-element-36e7bf2 e-con-full animated-slow elementor-hidden-mobile e-flex elementor-invisible e-con e-parent\" data-id=\"36e7bf2\" data-element_type=\"container\" data-settings=\"{&quot;background_background&quot;:&quot;video&quot;,&quot;background_video_link&quot;:&quot;https:\\\/\\\/deadcoolkids.com\\\/wp-content\\\/uploads\\\/2025\\\/12\\\/Opening_video_alpha_compress.mov&quot;,&quot;animation&quot;:&quot;fadeIn&quot;}\">\n\t\t<div class=\"elementor-background-video-container elementor-hidden-mobile\" aria-hidden=\"true\">\n\t\t\t\t\t\t\t<video class=\"elementor-background-video-hosted\" autoplay muted playsinline loop><\/video>\n\t\t\t\t\t<\/div><div class=\"elementor-element elementor-element-d23a593 e-con-full liquid-glass animated-slow e-flex elementor-invisible e-con e-child\" data-id=\"d23a593\" data-element_type=\"container\" data-settings=\"{&quot;background_background&quot;:&quot;classic&quot;,&quot;animation&quot;:&quot;fadeIn&quot;,&quot;animation_delay&quot;:500}\">\n\t\t\t\t<div class=\"elementor-element elementor-element-b9bb2f6 elementor-widget elementor-widget-heading\" data-id=\"b9bb2f6\" data-element_type=\"widget\" data-widget_type=\"heading.default\">\n\t\t\t\t\t<h2 class=\"elementor-heading-title elementor-size-default\">VISUALIZA\u00c7\u00c3O ARQUITET\u00d3NICA<\/h2>\t\t\t\t<\/div>\n\t\t\t\t<div class=\"elementor-element elementor-element-476b865 elementor-widget elementor-widget-text-editor\" data-id=\"476b865\" data-element_type=\"widget\" data-widget_type=\"text-editor.default\">\n\t\t\t\t\t\t\t\t\t<blockquote data-start=\"1095\" data-end=\"1384\"><p data-start=\"1097\" data-end=\"1384\">Produzimos anima\u00e7\u00f5es arquitet\u00f3nicas e imagens est\u00e1ticas de alta qualidade, com um olhar cinematogr\u00e1fico e foco na clareza do conceito, atmosfera e detalhe construtivo.<\/p><\/blockquote>\t\t\t\t\t\t\t\t<\/div>\n\t\t\t\t<\/div>\n\t\t<div class=\"elementor-element elementor-element-db8d41d e-con-full e-flex e-con e-child\" data-id=\"db8d41d\" data-element_type=\"container\">\n\t\t\t\t<\/div>\n\t\t\t\t<\/div>\n\t\t<div class=\"elementor-element elementor-element-ab0dc1f e-con-full animated-slow elementor-hidden-desktop elementor-hidden-laptop elementor-hidden-tablet_extra elementor-hidden-tablet e-flex elementor-invisible e-con e-parent\" data-id=\"ab0dc1f\" data-element_type=\"container\" data-settings=\"{&quot;background_background&quot;:&quot;video&quot;,&quot;background_video_link&quot;:&quot;https:\\\/\\\/deadcoolkids.com\\\/wp-content\\\/uploads\\\/2025\\\/12\\\/Placeholder_1.mov&quot;,&quot;animation&quot;:&quot;fadeIn&quot;}\">\n\t\t<div class=\"elementor-background-video-container elementor-hidden-mobile\" aria-hidden=\"true\">\n\t\t\t\t\t\t\t<video class=\"elementor-background-video-hosted\" autoplay muted playsinline loop><\/video>\n\t\t\t\t\t<\/div><div class=\"elementor-element elementor-element-aca75bd e-con-full e-flex e-con e-child\" data-id=\"aca75bd\" data-element_type=\"container\">\n\t\t\t\t<div class=\"elementor-element elementor-element-9f1dbd3 elementor-widget elementor-widget-video\" data-id=\"9f1dbd3\" data-element_type=\"widget\" data-settings=\"{&quot;video_type&quot;:&quot;hosted&quot;,&quot;autoplay&quot;:&quot;yes&quot;,&quot;play_on_mobile&quot;:&quot;yes&quot;,&quot;mute&quot;:&quot;yes&quot;,&quot;loop&quot;:&quot;yes&quot;}\" data-widget_type=\"video.default\">\n\t\t\t\t\t\t\t<div class=\"e-hosted-video elementor-wrapper elementor-open-inline\">\n\t\t\t\t\t<video class=\"elementor-video\" src=\"https:\/\/deadcoolkids.com\/wp-content\/uploads\/2025\/12\/Placeholder_3.mov\" autoplay=\"\" loop=\"\" muted=\"muted\" playsinline=\"\" controlsList=\"nodownload\"><\/video>\n\t\t\t\t<\/div>\n\t\t\t\t\t\t<\/div>\n\t\t\t\t<\/div>\n\t\t<div class=\"elementor-element elementor-element-0a6aba7 e-con-full liquid-glass animated-slow e-flex elementor-invisible e-con e-child\" data-id=\"0a6aba7\" data-element_type=\"container\" data-settings=\"{&quot;background_background&quot;:&quot;classic&quot;,&quot;animation&quot;:&quot;fadeIn&quot;,&quot;animation_delay&quot;:500}\">\n\t\t\t\t<div class=\"elementor-element elementor-element-717585c elementor-widget elementor-widget-heading\" data-id=\"717585c\" data-element_type=\"widget\" data-widget_type=\"heading.default\">\n\t\t\t\t\t<h2 class=\"elementor-heading-title elementor-size-default\">O EXISTENTE COMO PONTO DE PARTIDA<\/h2>\t\t\t\t<\/div>\n\t\t\t\t<div class=\"elementor-element elementor-element-9695b5d elementor-widget elementor-widget-text-editor\" data-id=\"9695b5d\" data-element_type=\"widget\" data-widget_type=\"text-editor.default\">\n\t\t\t\t\t\t\t\t\t<p>Quando o espa\u00e7o j\u00e1 existe, recorremos a ferramentas de scan, fotogrametria e v\u00eddeo 360\u00ba para capturar a realidade com precis\u00e3o.<br \/>A partir da\u00ed, integramos novas propostas arquitet\u00f3nicas diretamente no espa\u00e7o real, permitindo uma leitura clara do antes e do depois.<\/p>\t\t\t\t\t\t\t\t<\/div>\n\t\t\t\t<\/div>\n\t\t\t\t<\/div>\n\t\t<div class=\"elementor-element elementor-element-509d9e9 e-con-full animated-slow elementor-hidden-mobile e-flex elementor-invisible e-con e-parent\" data-id=\"509d9e9\" data-element_type=\"container\" data-settings=\"{&quot;background_background&quot;:&quot;video&quot;,&quot;background_video_link&quot;:&quot;https:\\\/\\\/deadcoolkids.com\\\/wp-content\\\/uploads\\\/2025\\\/12\\\/Placeholder_3.mov&quot;,&quot;animation&quot;:&quot;fadeIn&quot;}\">\n\t\t<div class=\"elementor-background-video-container elementor-hidden-mobile\" aria-hidden=\"true\">\n\t\t\t\t\t\t\t<video class=\"elementor-background-video-hosted\" autoplay muted playsinline loop><\/video>\n\t\t\t\t\t<\/div><div class=\"elementor-element elementor-element-24dabf7 e-con-full e-flex e-con e-child\" data-id=\"24dabf7\" data-element_type=\"container\">\n\t\t\t\t<\/div>\n\t\t<div class=\"elementor-element elementor-element-d4f1674 e-con-full liquid-glass animated-slow e-flex elementor-invisible e-con e-child\" data-id=\"d4f1674\" data-element_type=\"container\" data-settings=\"{&quot;background_background&quot;:&quot;classic&quot;,&quot;animation&quot;:&quot;fadeIn&quot;,&quot;animation_delay&quot;:500}\">\n\t\t\t\t<div class=\"elementor-element elementor-element-ccd37c7 elementor-widget elementor-widget-heading\" data-id=\"ccd37c7\" data-element_type=\"widget\" data-widget_type=\"heading.default\">\n\t\t\t\t\t<h2 class=\"elementor-heading-title elementor-size-default\">O EXISTENTE COMO PONTO DE PARTIDA<\/h2>\t\t\t\t<\/div>\n\t\t\t\t<div class=\"elementor-element elementor-element-77541ed elementor-widget elementor-widget-text-editor\" data-id=\"77541ed\" data-element_type=\"widget\" data-widget_type=\"text-editor.default\">\n\t\t\t\t\t\t\t\t\t<p>Quando o espa\u00e7o j\u00e1 existe, recorremos a ferramentas de scan, fotogrametria e v\u00eddeo 360\u00ba para capturar a realidade com precis\u00e3o.<br \/>A partir da\u00ed, integramos novas propostas arquitet\u00f3nicas diretamente no espa\u00e7o real, permitindo uma leitura clara do antes e do depois.<\/p>\t\t\t\t\t\t\t\t<\/div>\n\t\t\t\t<\/div>\n\t\t\t\t<\/div>\n\t\t<div class=\"elementor-element elementor-element-accbd56 elementor-hidden-mobile e-flex e-con-boxed e-con e-parent\" data-id=\"accbd56\" data-element_type=\"container\" data-settings=\"{&quot;background_background&quot;:&quot;classic&quot;}\">\n\t\t\t\t\t<div class=\"e-con-inner\">\n\t\t\t\t<div class=\"elementor-element elementor-element-d542bd0 elementor-widget__width-initial elementor-widget elementor-widget-heading\" data-id=\"d542bd0\" data-element_type=\"widget\" data-widget_type=\"heading.default\">\n\t\t\t\t\t<h2 class=\"elementor-heading-title elementor-size-default\">REPRESENTAMOS \nO FUTURO<\/h2>\t\t\t\t<\/div>\n\t\t\t\t\t<\/div>\n\t\t\t\t<\/div>\n\t\t<div class=\"elementor-element elementor-element-11b2711 e-flex e-con-boxed e-con e-parent\" data-id=\"11b2711\" data-element_type=\"container\">\n\t\t\t\t\t<div class=\"e-con-inner\">\n\t\t\t\t<div class=\"elementor-element elementor-element-f880f60 elementor-widget elementor-widget-html\" data-id=\"f880f60\" data-element_type=\"widget\" data-widget_type=\"html.default\">\n\t\t\t\t\t<style>\r\n\/*Core Liquid Glass*\/\r\n.liquid-glass {\r\n  backdrop-filter: url(#liquidGlass) blur(5px);\r\n  -webkit-backdrop-filter: url(#liquidGlass) blur(5px);\r\n    box-shadow: 0 30px 30px rgba(0,0,0,0.1), inset 0 0 20px rgba(0,0,0,0.1), inset 3px 3px 2px -2px rgba(255,255,255,0.8), inset -3px -3px 2px -2px rgba(255,255,255,0.8)!important;\r\n}\r\n<\/style>\r\n\r\n<!-- Liquid Glass Filter -->\r\n<svg width=\"0\" height=\"0\">\r\n  <defs>\r\n    <filter id=\"liquidGlass\">\r\n      <feTurbulence type=\"turbulence\" baseFrequency=\"0.001\" numOctaves=\"10\" result=\"turbulence\" \/>\r\n      <feDisplacementMap in2=\"turbulence\" in=\"SourceGraphic\" scale=\"100\" xChannelSelector=\"R\" yChannelSelector=\"G\" \/>\r\n    <\/filter>\r\n  <\/defs>\r\n<\/svg>\t\t\t\t<\/div>\n\t\t\t\t\t<\/div>\n\t\t\t\t<\/div>\n\t\t\t\t<\/div>\n\t\t","protected":false},"excerpt":{"rendered":"<p>REPRESENTAMOS O FUTURO O nosso ADN Somos um est\u00fadio criativo com origem no desenvolvimento de experi\u00eancias interativas e narrativa visual. Trabalhamos lado a lado com arquitetos para transformar projetos em experi\u00eancias imersivas, utilizando tecnologia em tempo real para comunicar espa\u00e7o, escala e inten\u00e7\u00e3o arquitet\u00f3nica antes da constru\u00e7\u00e3o. https:\/\/deadcoolkids.com\/wp-content\/uploads\/2025\/12\/Placeholder_1.mov ARQUITETURA INTERATIVA Criamos experi\u00eancias interativas que permitem [&hellip;]<\/p>\n","protected":false},"author":1,"featured_media":0,"parent":0,"menu_order":0,"comment_status":"closed","ping_status":"closed","template":"elementor_canvas","meta":{"footnotes":""},"class_list":["post-294","page","type-page","status-publish","hentry"],"_links":{"self":[{"href":"https:\/\/deadcoolkids.com\/index.php\/wp-json\/wp\/v2\/pages\/294","targetHints":{"allow":["GET"]}}],"collection":[{"href":"https:\/\/deadcoolkids.com\/index.php\/wp-json\/wp\/v2\/pages"}],"about":[{"href":"https:\/\/deadcoolkids.com\/index.php\/wp-json\/wp\/v2\/types\/page"}],"author":[{"embeddable":true,"href":"https:\/\/deadcoolkids.com\/index.php\/wp-json\/wp\/v2\/users\/1"}],"replies":[{"embeddable":true,"href":"https:\/\/deadcoolkids.com\/index.php\/wp-json\/wp\/v2\/comments?post=294"}],"version-history":[{"count":485,"href":"https:\/\/deadcoolkids.com\/index.php\/wp-json\/wp\/v2\/pages\/294\/revisions"}],"predecessor-version":[{"id":898,"href":"https:\/\/deadcoolkids.com\/index.php\/wp-json\/wp\/v2\/pages\/294\/revisions\/898"}],"wp:attachment":[{"href":"https:\/\/deadcoolkids.com\/index.php\/wp-json\/wp\/v2\/media?parent=294"}],"curies":[{"name":"wp","href":"https:\/\/api.w.org\/{rel}","templated":true}]}}